{"id":3057,"date":"2022-03-09T10:49:38","date_gmt":"2022-03-09T07:49:38","guid":{"rendered":"https:\/\/itina.encode.com.tr\/%d8%ad%d9%8a%d8%a7%d8%a9-%d9%85%d9%87%d9%86%d9%8a%d8%a9\/"},"modified":"2022-03-09T13:20:07","modified_gmt":"2022-03-09T10:20:07","slug":"%d8%ad%d9%8a%d8%a7%d8%a9-%d9%85%d9%87%d9%86%d9%8a%d8%a9","status":"publish","type":"page","link":"https:\/\/www.itinaglobal.com\/ar\/%d8%ad%d9%8a%d8%a7%d8%a9-%d9%85%d9%87%d9%86%d9%8a%d8%a9\/","title":{"rendered":"\u062d\u064a\u0627\u0629 \u0645\u0647\u0646\u064a\u0629"},"content":{"rendered":"<p><div class=\"fusion-fullwidth fullwidth-box fusion-builder-row-1 fusion-flex-container hundred-percent-fullwidth non-hundred-percent-height-scrolling\" style=\"--awb-border-radius-top-left:0px;--awb-border-radius-top-right:0px;--awb-border-radius-bottom-right:0px;--awb-border-radius-bottom-left:0px;--awb-padding-right:6%;--awb-padding-bottom:72px;--awb-padding-left:6%;--awb-padding-top-medium:40px;--awb-padding-right-medium:4%;--awb-padding-bottom-medium:40px;--awb-padding-left-medium:4%;--awb-padding-top-small:20px;--awb-padding-bottom-small:20px;--awb-flex-wrap:wrap;\" ><div class=\"fusion-builder-row fusion-row fusion-flex-align-items-stretch fusion-flex-justify-content-center fusion-flex-content-wrap\" style=\"width:104% !important;max-width:104% !important;margin-left: calc(-4% \/ 2 );margin-right: calc(-4% \/ 2 );\"><div class=\"fusion-layout-column fusion_builder_column fusion-builder-column-0 fusion_builder_column_2_5 2_5 fusion-flex-column\" style=\"--awb-bg-position:center top;--awb-bg-size:cover;--awb-width-large:40%;--awb-margin-top-large:10px;--awb-spacing-right-large:4.8%;--awb-margin-bottom-large:10px;--awb-spacing-left-large:4.8%;--awb-width-medium:50%;--awb-order-medium:0;--awb-spacing-right-medium:3.84%;--awb-spacing-left-medium:3.84%;--awb-width-small:100%;--awb-order-small:0;--awb-spacing-right-small:1.92%;--awb-spacing-left-small:1.92%;\"><div class=\"fusion-column-wrapper fusion-column-has-shadow fusion-flex-justify-content-center fusion-content-layout-column\"><div class=\"fusion-image-element \" style=\"--awb-caption-title-font-family:var(--h2_typography-font-family);--awb-caption-title-font-weight:var(--h2_typography-font-weight);--awb-caption-title-font-style:var(--h2_typography-font-style);--awb-caption-title-size:var(--h2_typography-font-size);--awb-caption-title-transform:var(--h2_typography-text-transform);--awb-caption-title-line-height:var(--h2_typography-line-height);--awb-caption-title-letter-spacing:var(--h2_typography-letter-spacing);\"><span class=\" fusion-imageframe imageframe-none imageframe-1 hover-type-none\" style=\"border-radius:12px;\"><img decoding=\"async\" width=\"530\" height=\"500\" title=\"banner\" src=\"https:\/\/www.itinaglobal.com\/wp-content\/uploads\/2022\/02\/banner.png\" data-orig-src=\"https:\/\/itinaglobal.com\/wp-content\/uploads\/2022\/02\/banner.png\" alt class=\"lazyload img-responsive wp-image-2884\" srcset=\"data:image\/svg+xml,%3Csvg%20xmlns%3D%27http%3A%2F%2Fwww.w3.org%2F2000%2Fsvg%27%20width%3D%27530%27%20height%3D%27500%27%20viewBox%3D%270%200%20530%20500%27%3E%3Crect%20width%3D%27530%27%20height%3D%27500%27%20fill-opacity%3D%220%22%2F%3E%3C%2Fsvg%3E\" data-srcset=\"https:\/\/www.itinaglobal.com\/wp-content\/uploads\/2022\/02\/banner-200x189.png 200w, https:\/\/www.itinaglobal.com\/wp-content\/uploads\/2022\/02\/banner-400x377.png 400w, https:\/\/www.itinaglobal.com\/wp-content\/uploads\/2022\/02\/banner.png 530w\" data-sizes=\"auto\" data-orig-sizes=\"(max-width: 640px) 100vw, 530px\" \/><\/span><\/div><\/div><\/div><div class=\"fusion-layout-column fusion_builder_column fusion-builder-column-1 fusion_builder_column_3_5 3_5 fusion-flex-column\" style=\"--awb-bg-size:cover;--awb-width-large:60%;--awb-margin-top-large:20px;--awb-spacing-right-large:9.6%;--awb-margin-bottom-large:20px;--awb-spacing-left-large:12.8%;--awb-width-medium:50%;--awb-order-medium:0;--awb-spacing-right-medium:0px;--awb-spacing-left-medium:5.76%;--awb-width-small:100%;--awb-order-small:0;--awb-spacing-right-small:1.92%;--awb-spacing-left-small:1.92%;\"><div class=\"fusion-column-wrapper fusion-column-has-shadow fusion-flex-justify-content-center fusion-content-layout-column\"><div class=\"fusion-title title fusion-title-1 fusion-sep-none fusion-title-text fusion-title-size-two\" style=\"--awb-margin-top:0px;--awb-margin-top-small:0px;\"><h2 class=\"fusion-title-heading title-heading-left fusion-responsive-typography-calculated\" style=\"margin:0;--fontSize:48;line-height:1.2;\">\u0627\u0646\u0636\u0645 \u0625\u0644\u064a\u0646\u0627<span style=\"color: #b49759;\">.<\/span><\/h2><\/div><div class=\"fusion-text fusion-text-1\" style=\"--awb-text-transform:none;\"><p style=\"text-align: justify;\">\u0628\u0635\u0641\u062a\u0646\u0627 \u0645\u062c\u0645\u0648\u0639\u0629 <strong>ITINA<\/strong> \u060c \u0644\u062f\u064a\u0646\u0627 \u0641\u0647\u0645 \u064a\u0647\u062f\u0641 \u0625\u0644\u0649 \u062a\u0639\u0627\u0648\u0646 \u0637\u0648\u064a\u0644 \u0627\u0644\u0623\u0645\u062f \u0645\u0639 \u0645\u0648\u0638\u0641\u064a\u0646\u0627. \u0641\u064a \u0625\u0637\u0627\u0631 \u0647\u0630\u0627 \u0627\u0644\u0641\u0647\u0645 \u060c \u0646\u0639\u0645\u0644 \u0645\u0639 \u0632\u0645\u0644\u0627\u0626\u0646\u0627 \u0627\u0644\u0630\u064a\u0646 \u064a\u062a\u0645\u062a\u0639\u0648\u0646 \u0628\u0627\u0644\u062b\u0642\u0629 \u0648\u0627\u0644\u0635\u062f\u0642 \u060c \u0648\u064a\u0645\u064a\u0644\u0648\u0646 \u0625\u0644\u0649 \u0627\u0644\u0639\u0645\u0644 \u0627\u0644\u062c\u0645\u0627\u0639\u064a \u060c \u0648\u0645\u0646\u0641\u062a\u062d\u0648\u0646 \u0639\u0644\u0649 \u0627\u0644\u062a\u0637\u0648\u064a\u0631 \u0648\u0627\u0644\u062a\u063a\u064a\u064a\u0631 \u060c \u0648\u0627\u0644\u0630\u064a\u0646 \u064a\u0645\u0643\u0646\u0647\u0645 \u0623\u062e\u0630 \u0627\u0644\u0645\u0628\u0627\u062f\u0631\u0629 \u0648\u0627\u0633\u062a\u062e\u062f\u0627\u0645\u0647\u0627 \u060c \u0648\u0627\u0644\u0630\u064a\u0646 \u064a\u062a\u0628\u0646\u0648\u0646 \u0627\u0644\u0639\u0645\u0644 \u0627\u0644\u0645\u0648\u062c\u0647 \u0646\u062d\u0648 \u0627\u0644\u0639\u0645\u0644\u0627\u0621 \u0643\u0645\u0628\u062f\u0623 \u060c \u0648\u0627\u0644\u0630\u064a\u0646 \u064a\u0645\u0643\u0646\u0647\u0645 \u062a\u0645\u062b\u064a\u0644 \u0634\u0631\u0643\u062a\u0646\u0627 \u0639\u0644\u0649 \u0645\u0646\u0635\u0629 \u0627\u0644\u062e\u062f\u0645\u0629 \u0648\u0641\u0642\u064b\u0627 \u0644\u0631\u0624\u064a\u062a\u0646\u0627 \u0648\u0631\u0633\u0627\u0644\u062a\u0646\u0627 \u060c \u0648\u0645\u0639 \u0627\u0644\u0623\u0635\u062f\u0642\u0627\u0621 \u0627\u0644\u0630\u064a\u0646 \u064a\u0645\u0643\u0646\u0647\u0645 \u0627\u0644\u0627\u0646\u0636\u0645\u0627\u0645 \u0625\u0644\u064a\u0646\u0627 \u0628\u0646\u0641\u0633 \u0627\u0644\u062e\u0635\u0627\u0626\u0635. \u0646\u062d\u0646 \u0641\u064a \u0647\u062f\u0641 \u0627\u0644\u0646\u0645\u0648.<\/p>\n<p style=\"text-align: justify;\">\u0628\u0627\u0644\u0646\u0633\u0628\u0629 \u0644\u0637\u0644\u0628\u0627\u062a \u0627\u0644\u062a\u0648\u0638\u064a\u0641 \u0627\u0644\u062e\u0627\u0635\u0629 \u0628\u0643 \u0625\u0644\u0649 \u0645\u0624\u0633\u0633\u062a\u0646\u0627 \u060c \u064a\u0645\u0643\u0646\u0643 \u0625\u0631\u0633\u0627\u0644 \u0633\u064a\u0631\u062a\u0643 \u0627\u0644\u0630\u0627\u062a\u064a\u0629 \u0625\u0644\u0649 <a href=\"mailto:contact@itinagroup.com.tr\">contact@itinagroup.com.tr<\/a> \u064a\u062a\u0645 \u0627\u0644\u0627\u062d\u062a\u0641\u0627\u0638 \u0628\u0633\u0631\u064a\u0629 \u0637\u0644\u0628\u0627\u062a\u0643 \u0641\u064a \u0645\u062c\u0645\u0648\u0639\u0629 \u0627\u0644\u0645\u0648\u0627\u0631\u062f \u0627\u0644\u0628\u0634\u0631\u064a\u0629 \u062d\u062a\u0649 \u064a\u062a\u0645 \u062a\u0642\u064a\u064a\u0645\u0647\u0627 \u0645\u062d\u062f\u062b\u064b\u0627.<\/p>\n<\/div><\/div><\/div><\/div><\/div><div class=\"fusion-fullwidth fullwidth-box fusion-builder-row-2 fusion-flex-container nonhundred-percent-fullwidth non-hundred-percent-height-scrolling\" style=\"--link_color: #ffffff;--awb-border-radius-top-left:0px;--awb-border-radius-top-right:0px;--awb-border-radius-bottom-right:0px;--awb-border-radius-bottom-left:0px;--awb-padding-top:20px;--awb-padding-bottom:20px;--awb-padding-top-small:40px;--awb-padding-right-small:20px;--awb-padding-bottom-small:0px;--awb-padding-left-small:20px;--awb-flex-wrap:wrap;\" ><div class=\"fusion-builder-row fusion-row fusion-flex-align-items-center fusion-flex-justify-content-center fusion-flex-content-wrap\" style=\"max-width:1310.4px;margin-left: calc(-4% \/ 2 );margin-right: calc(-4% \/ 2 );\"><div class=\"fusion-layout-column fusion_builder_column fusion-builder-column-2 fusion_builder_column_1_1 1_1 fusion-flex-column\" style=\"--awb-padding-top:5%;--awb-padding-right:6%;--awb-padding-bottom:5%;--awb-padding-left:6%;--awb-overflow:hidden;--awb-bg-color:#023a51;--awb-bg-color-hover:#023a51;--awb-bg-size:cover;--awb-box-shadow:0px 24px 40px 0px rgba(0,29,48,0.24);;--awb-border-radius:24px 24px 24px 24px;--awb-width-large:100%;--awb-margin-top-large:20px;--awb-spacing-right-large:0%;--awb-margin-bottom-large:20px;--awb-spacing-left-large:0%;--awb-width-medium:100%;--awb-order-medium:0;--awb-spacing-right-medium:0%;--awb-spacing-left-medium:0%;--awb-width-small:100%;--awb-order-small:0;--awb-spacing-right-small:1.92%;--awb-spacing-left-small:1.92%;\"><div class=\"fusion-column-wrapper fusion-column-has-shadow fusion-flex-justify-content-flex-start fusion-content-layout-column\"><div class=\"fusion-builder-row fusion-builder-row-inner fusion-row fusion-flex-align-items-center fusion-flex-justify-content-center fusion-flex-content-wrap\" style=\"width:104% !important;max-width:104% !important;margin-left: calc(-4% \/ 2 );margin-right: calc(-4% \/ 2 );\"><div class=\"fusion-layout-column fusion_builder_column_inner fusion-builder-nested-column-0 fusion_builder_column_inner_3_4 3_4 fusion-flex-column\" style=\"--awb-bg-size:cover;--awb-width-large:75%;--awb-margin-top-large:12px;--awb-spacing-right-large:2.56%;--awb-margin-bottom-large:20px;--awb-spacing-left-large:2.56%;--awb-width-medium:60%;--awb-order-medium:0;--awb-spacing-right-medium:3.2%;--awb-spacing-left-medium:3.2%;--awb-width-small:100%;--awb-order-small:0;--awb-spacing-right-small:1.92%;--awb-margin-bottom-small:0px;--awb-spacing-left-small:1.92%;\"><div class=\"fusion-column-wrapper fusion-column-has-shadow fusion-flex-justify-content-flex-start fusion-content-layout-column\"><div class=\"fusion-title title fusion-title-2 fusion-sep-none fusion-title-text fusion-title-size-one\" style=\"--awb-text-color:#ffffff;\"><h1 class=\"fusion-title-heading title-heading-right sm-text-align-center fusion-responsive-typography-calculated\" style=\"margin:0;--fontSize:60;line-height:1.16;\">\u0627\u062a\u0635\u0644 \u0628\u0646\u0627.<\/h1><\/div><div class=\"fusion-text fusion-text-2 sm-text-align-center\" style=\"--awb-font-size:26px;--awb-line-height:36px;--awb-text-transform:none;--awb-text-color:#ffffff;\"><p>\u0623\u062e\u0628\u0631\u0646\u0627 \u0639\u0646 \u0645\u0634\u0627\u0631\u064a\u0639\u0643 \u0648\u0627\u062d\u0635\u0644 \u0639\u0644\u0649 \u0639\u0631\u0648\u0636 \u0623\u0633\u0639\u0627\u0631 \u0633\u0631\u064a\u0639\u0629 \u0648\u0633\u0647\u0644\u0629.<\/p>\n<\/div><\/div><\/div><div class=\"fusion-layout-column fusion_builder_column_inner fusion-builder-nested-column-1 fusion_builder_column_inner_1_4 1_4 fusion-flex-column\" style=\"--awb-bg-size:cover;--awb-width-large:25%;--awb-margin-top-large:20px;--awb-spacing-right-large:7.68%;--awb-margin-bottom-large:20px;--awb-spacing-left-large:7.68%;--awb-width-medium:40%;--awb-order-medium:0;--awb-spacing-right-medium:4.8%;--awb-spacing-left-medium:4.8%;--awb-width-small:100%;--awb-order-small:0;--awb-spacing-right-small:1.92%;--awb-spacing-left-small:1.92%;\"><div class=\"fusion-column-wrapper fusion-column-has-shadow fusion-flex-justify-content-flex-start fusion-content-layout-column\"><div style=\"text-align:center;\"><a class=\"fusion-button button-flat fusion-button-default-size button-default fusion-button-default button-1 fusion-button-span-yes fusion-button-default-type\" target=\"_self\" href=\"https:\/\/itinaglobal.com\/contact-us\/\"><span class=\"fusion-button-text awb-button__text awb-button__text--default\">\u0627\u062a\u0635\u0644 \u0628\u0646\u0627<\/span><\/a><\/div><div style=\"text-align:center;\"><a class=\"fusion-button button-flat fusion-button-default-size button-custom fusion-button-default button-2 fusion-button-span-yes fusion-button-default-type\" style=\"--button_accent_color:#ffffff;--button_accent_hover_color:#2cbc63;--button_border_hover_color:#ffffff;--button_gradient_top_color:#124e67;--button_gradient_bottom_color:#124e67;--button_gradient_top_color_hover:#ffffff;--button_gradient_bottom_color_hover:#ffffff;--button_margin-top:12px;\" target=\"_blank\" rel=\"noopener noreferrer\" href=\"mailto:info@itinagroup.com.tr\"><i class=\"icon-accountant-call-us awb-button__icon awb-button__icon--default button-icon-left\" aria-hidden=\"true\"><\/i><span class=\"fusion-button-text awb-button__text awb-button__text--default\">\u0627\u0644\u0628\u0631\u064a\u062f \u0627\u0644\u0625\u0644\u0643\u062a\u0631\u0648\u0646\u064a<\/span><\/a><\/div><\/div><\/div><\/div><\/div><\/div><\/div><\/div>\n<\/p>\n","protected":false},"excerpt":{"rendered":"","protected":false},"author":1,"featured_media":0,"parent":0,"menu_order":70,"comment_status":"closed","ping_status":"closed","template":"100-width.php","meta":{"footnotes":""},"class_list":["post-3057","page","type-page","status-publish","hentry"],"yoast_head":"<!-- This site is optimized with the Yoast SEO plugin v27.6 - https:\/\/yoast.com\/product\/yoast-seo-wordpress\/ -->\n<title>\u062d\u064a\u0627\u0629 \u0645\u0647\u0646\u064a\u0629 - ITINA CONSTRUCTION<\/title>\n<meta name=\"description\" content=\"Fuarc\u0131l\u0131k sekt\u00f6r\u00fcnde kariyer yapmak veya mevcut pozisyonunuzu de\u011fi\u015ftirmek i\u00e7in kariyer sayfam\u0131za ba\u015fvurunuzu yapabilirsiniz.\" \/>\n<meta name=\"robots\" content=\"index, follow, max-snippet:-1, max-image-preview:large, max-video-preview:-1\" \/>\n<link rel=\"canonical\" href=\"https:\/\/www.itinaglobal.com\/ar\/%d8%ad%d9%8a%d8%a7%d8%a9-%d9%85%d9%87%d9%86%d9%8a%d8%a9\/\" \/>\n<meta property=\"og:locale\" content=\"ar_AR\" \/>\n<meta property=\"og:type\" content=\"article\" \/>\n<meta property=\"og:title\" content=\"\u062d\u064a\u0627\u0629 \u0645\u0647\u0646\u064a\u0629 - ITINA CONSTRUCTION\" \/>\n<meta property=\"og:description\" content=\"Fuarc\u0131l\u0131k sekt\u00f6r\u00fcnde kariyer yapmak veya mevcut pozisyonunuzu de\u011fi\u015ftirmek i\u00e7in kariyer sayfam\u0131za ba\u015fvurunuzu yapabilirsiniz.\" \/>\n<meta property=\"og:url\" content=\"https:\/\/www.itinaglobal.com\/ar\/%d8%ad%d9%8a%d8%a7%d8%a9-%d9%85%d9%87%d9%86%d9%8a%d8%a9\/\" \/>\n<meta property=\"og:site_name\" content=\"ITINA CONSTRUCTION\" \/>\n<meta property=\"article:modified_time\" content=\"2022-03-09T10:20:07+00:00\" \/>\n<meta name=\"twitter:card\" content=\"summary_large_image\" \/>\n<meta name=\"twitter:label1\" content=\"Est. reading time\" \/>\n\t<meta name=\"twitter:data1\" content=\"6 minutes\" \/>\n<script type=\"application\/ld+json\" class=\"yoast-schema-graph\">{\"@context\":\"https:\\\/\\\/schema.org\",\"@graph\":[{\"@type\":\"WebPage\",\"@id\":\"https:\\\/\\\/www.itinaglobal.com\\\/ar\\\/%d8%ad%d9%8a%d8%a7%d8%a9-%d9%85%d9%87%d9%86%d9%8a%d8%a9\\\/\",\"url\":\"https:\\\/\\\/www.itinaglobal.com\\\/ar\\\/%d8%ad%d9%8a%d8%a7%d8%a9-%d9%85%d9%87%d9%86%d9%8a%d8%a9\\\/\",\"name\":\"\u062d\u064a\u0627\u0629 \u0645\u0647\u0646\u064a\u0629 - ITINA CONSTRUCTION\",\"isPartOf\":{\"@id\":\"https:\\\/\\\/www.itinaglobal.com\\\/ar\\\/#website\"},\"datePublished\":\"2022-03-09T07:49:38+00:00\",\"dateModified\":\"2022-03-09T10:20:07+00:00\",\"description\":\"Fuarc\u0131l\u0131k sekt\u00f6r\u00fcnde kariyer yapmak veya mevcut pozisyonunuzu de\u011fi\u015ftirmek i\u00e7in kariyer sayfam\u0131za ba\u015fvurunuzu yapabilirsiniz.\",\"breadcrumb\":{\"@id\":\"https:\\\/\\\/www.itinaglobal.com\\\/ar\\\/%d8%ad%d9%8a%d8%a7%d8%a9-%d9%85%d9%87%d9%86%d9%8a%d8%a9\\\/#breadcrumb\"},\"inLanguage\":\"ar\",\"potentialAction\":[{\"@type\":\"ReadAction\",\"target\":[\"https:\\\/\\\/www.itinaglobal.com\\\/ar\\\/%d8%ad%d9%8a%d8%a7%d8%a9-%d9%85%d9%87%d9%86%d9%8a%d8%a9\\\/\"]}]},{\"@type\":\"BreadcrumbList\",\"@id\":\"https:\\\/\\\/www.itinaglobal.com\\\/ar\\\/%d8%ad%d9%8a%d8%a7%d8%a9-%d9%85%d9%87%d9%86%d9%8a%d8%a9\\\/#breadcrumb\",\"itemListElement\":[{\"@type\":\"ListItem\",\"position\":1,\"name\":\"Anasayfa\",\"item\":\"https:\\\/\\\/www.itinaglobal.com\\\/ar\\\/\"},{\"@type\":\"ListItem\",\"position\":2,\"name\":\"\u062d\u064a\u0627\u0629 \u0645\u0647\u0646\u064a\u0629\"}]},{\"@type\":\"WebSite\",\"@id\":\"https:\\\/\\\/www.itinaglobal.com\\\/ar\\\/#website\",\"url\":\"https:\\\/\\\/www.itinaglobal.com\\\/ar\\\/\",\"name\":\"Truss \u0130stanbul\",\"description\":\"TURNKEY INDUSTRIAL SOLUTIONS CONSTRUCTION\",\"publisher\":{\"@id\":\"https:\\\/\\\/www.itinaglobal.com\\\/ar\\\/#organization\"},\"potentialAction\":[{\"@type\":\"SearchAction\",\"target\":{\"@type\":\"EntryPoint\",\"urlTemplate\":\"https:\\\/\\\/www.itinaglobal.com\\\/ar\\\/?s={search_term_string}\"},\"query-input\":{\"@type\":\"PropertyValueSpecification\",\"valueRequired\":true,\"valueName\":\"search_term_string\"}}],\"inLanguage\":\"ar\"},{\"@type\":\"Organization\",\"@id\":\"https:\\\/\\\/www.itinaglobal.com\\\/ar\\\/#organization\",\"name\":\"TRUSS \u0130STANBUL\",\"url\":\"https:\\\/\\\/www.itinaglobal.com\\\/ar\\\/\",\"logo\":{\"@type\":\"ImageObject\",\"inLanguage\":\"ar\",\"@id\":\"https:\\\/\\\/www.itinaglobal.com\\\/ar\\\/#\\\/schema\\\/logo\\\/image\\\/\",\"url\":\"https:\\\/\\\/itinaglobal.com\\\/wp-content\\\/uploads\\\/2021\\\/08\\\/truss-istanbul-retina.png\",\"contentUrl\":\"https:\\\/\\\/itinaglobal.com\\\/wp-content\\\/uploads\\\/2021\\\/08\\\/truss-istanbul-retina.png\",\"width\":340,\"height\":170,\"caption\":\"TRUSS \u0130STANBUL\"},\"image\":{\"@id\":\"https:\\\/\\\/www.itinaglobal.com\\\/ar\\\/#\\\/schema\\\/logo\\\/image\\\/\"}}]}<\/script>\n<!-- \/ Yoast SEO plugin. -->","yoast_head_json":{"title":"\u062d\u064a\u0627\u0629 \u0645\u0647\u0646\u064a\u0629 - ITINA CONSTRUCTION","description":"Fuarc\u0131l\u0131k sekt\u00f6r\u00fcnde kariyer yapmak veya mevcut pozisyonunuzu de\u011fi\u015ftirmek i\u00e7in kariyer sayfam\u0131za ba\u015fvurunuzu yapabilirsiniz.","robots":{"index":"index","follow":"follow","max-snippet":"max-snippet:-1","max-image-preview":"max-image-preview:large","max-video-preview":"max-video-preview:-1"},"canonical":"https:\/\/www.itinaglobal.com\/ar\/%d8%ad%d9%8a%d8%a7%d8%a9-%d9%85%d9%87%d9%86%d9%8a%d8%a9\/","og_locale":"ar_AR","og_type":"article","og_title":"\u062d\u064a\u0627\u0629 \u0645\u0647\u0646\u064a\u0629 - ITINA CONSTRUCTION","og_description":"Fuarc\u0131l\u0131k sekt\u00f6r\u00fcnde kariyer yapmak veya mevcut pozisyonunuzu de\u011fi\u015ftirmek i\u00e7in kariyer sayfam\u0131za ba\u015fvurunuzu yapabilirsiniz.","og_url":"https:\/\/www.itinaglobal.com\/ar\/%d8%ad%d9%8a%d8%a7%d8%a9-%d9%85%d9%87%d9%86%d9%8a%d8%a9\/","og_site_name":"ITINA CONSTRUCTION","article_modified_time":"2022-03-09T10:20:07+00:00","twitter_card":"summary_large_image","twitter_misc":{"Est. reading time":"6 minutes"},"schema":{"@context":"https:\/\/schema.org","@graph":[{"@type":"WebPage","@id":"https:\/\/www.itinaglobal.com\/ar\/%d8%ad%d9%8a%d8%a7%d8%a9-%d9%85%d9%87%d9%86%d9%8a%d8%a9\/","url":"https:\/\/www.itinaglobal.com\/ar\/%d8%ad%d9%8a%d8%a7%d8%a9-%d9%85%d9%87%d9%86%d9%8a%d8%a9\/","name":"\u062d\u064a\u0627\u0629 \u0645\u0647\u0646\u064a\u0629 - ITINA CONSTRUCTION","isPartOf":{"@id":"https:\/\/www.itinaglobal.com\/ar\/#website"},"datePublished":"2022-03-09T07:49:38+00:00","dateModified":"2022-03-09T10:20:07+00:00","description":"Fuarc\u0131l\u0131k sekt\u00f6r\u00fcnde kariyer yapmak veya mevcut pozisyonunuzu de\u011fi\u015ftirmek i\u00e7in kariyer sayfam\u0131za ba\u015fvurunuzu yapabilirsiniz.","breadcrumb":{"@id":"https:\/\/www.itinaglobal.com\/ar\/%d8%ad%d9%8a%d8%a7%d8%a9-%d9%85%d9%87%d9%86%d9%8a%d8%a9\/#breadcrumb"},"inLanguage":"ar","potentialAction":[{"@type":"ReadAction","target":["https:\/\/www.itinaglobal.com\/ar\/%d8%ad%d9%8a%d8%a7%d8%a9-%d9%85%d9%87%d9%86%d9%8a%d8%a9\/"]}]},{"@type":"BreadcrumbList","@id":"https:\/\/www.itinaglobal.com\/ar\/%d8%ad%d9%8a%d8%a7%d8%a9-%d9%85%d9%87%d9%86%d9%8a%d8%a9\/#breadcrumb","itemListElement":[{"@type":"ListItem","position":1,"name":"Anasayfa","item":"https:\/\/www.itinaglobal.com\/ar\/"},{"@type":"ListItem","position":2,"name":"\u062d\u064a\u0627\u0629 \u0645\u0647\u0646\u064a\u0629"}]},{"@type":"WebSite","@id":"https:\/\/www.itinaglobal.com\/ar\/#website","url":"https:\/\/www.itinaglobal.com\/ar\/","name":"Truss \u0130stanbul","description":"TURNKEY INDUSTRIAL SOLUTIONS CONSTRUCTION","publisher":{"@id":"https:\/\/www.itinaglobal.com\/ar\/#organization"},"potentialAction":[{"@type":"SearchAction","target":{"@type":"EntryPoint","urlTemplate":"https:\/\/www.itinaglobal.com\/ar\/?s={search_term_string}"},"query-input":{"@type":"PropertyValueSpecification","valueRequired":true,"valueName":"search_term_string"}}],"inLanguage":"ar"},{"@type":"Organization","@id":"https:\/\/www.itinaglobal.com\/ar\/#organization","name":"TRUSS \u0130STANBUL","url":"https:\/\/www.itinaglobal.com\/ar\/","logo":{"@type":"ImageObject","inLanguage":"ar","@id":"https:\/\/www.itinaglobal.com\/ar\/#\/schema\/logo\/image\/","url":"https:\/\/itinaglobal.com\/wp-content\/uploads\/2021\/08\/truss-istanbul-retina.png","contentUrl":"https:\/\/itinaglobal.com\/wp-content\/uploads\/2021\/08\/truss-istanbul-retina.png","width":340,"height":170,"caption":"TRUSS \u0130STANBUL"},"image":{"@id":"https:\/\/www.itinaglobal.com\/ar\/#\/schema\/logo\/image\/"}}]}},"_links":{"self":[{"href":"https:\/\/www.itinaglobal.com\/ar\/wp-json\/wp\/v2\/pages\/3057","targetHints":{"allow":["GET"]}}],"collection":[{"href":"https:\/\/www.itinaglobal.com\/ar\/wp-json\/wp\/v2\/pages"}],"about":[{"href":"https:\/\/www.itinaglobal.com\/ar\/wp-json\/wp\/v2\/types\/page"}],"author":[{"embeddable":true,"href":"https:\/\/www.itinaglobal.com\/ar\/wp-json\/wp\/v2\/users\/1"}],"replies":[{"embeddable":true,"href":"https:\/\/www.itinaglobal.com\/ar\/wp-json\/wp\/v2\/comments?post=3057"}],"version-history":[{"count":4,"href":"https:\/\/www.itinaglobal.com\/ar\/wp-json\/wp\/v2\/pages\/3057\/revisions"}],"predecessor-version":[{"id":3187,"href":"https:\/\/www.itinaglobal.com\/ar\/wp-json\/wp\/v2\/pages\/3057\/revisions\/3187"}],"wp:attachment":[{"href":"https:\/\/www.itinaglobal.com\/ar\/wp-json\/wp\/v2\/media?parent=3057"}],"curies":[{"name":"wp","href":"https:\/\/api.w.org\/{rel}","templated":true}]}}